{"id":25,"date":"2023-08-22T07:39:14","date_gmt":"2023-08-22T07:39:14","guid":{"rendered":"https:\/\/web4.rkinformatika.net\/lanpyme\/?page_id=25"},"modified":"2023-08-23T15:37:34","modified_gmt":"2023-08-23T15:37:34","slug":"sociedades","status":"publish","type":"page","link":"https:\/\/lanpyme.com\/eu\/sociedades\/","title":{"rendered":"Gizarteak"},"content":{"rendered":"<div data-elementor-type=\"wp-page\" data-elementor-id=\"25\" class=\"elementor elementor-25\" data-elementor-post-type=\"page\">\n\t\t\t\t\t\t<section class=\"elementor-section elementor-top-section elementor-element elementor-element-e733745 elementor-section-boxed elementor-section-height-default elementor-section-height-default\" data-id=\"e733745\" data-element_type=\"section\" data-e-type=\"section\" data-settings=\"{&quot;background_background&quot;:&quot;classic&quot;}\">\n\t\t\t\t\t\t\t<div class=\"elementor-background-overlay\"><\/div>\n\t\t\t\t\t\t\t<div class=\"elementor-container elementor-column-gap-default\">\n\t\t\t\t\t<div class=\"elementor-column elementor-col-100 elementor-top-column elementor-element elementor-element-96c7359\" data-id=\"96c7359\" data-element_type=\"column\" data-e-type=\"column\">\n\t\t\t<div class=\"elementor-widget-wrap\">\n\t\t\t\t\t\t\t<\/div>\n\t\t<\/div>\n\t\t\t\t\t<\/div>\n\t\t<\/section>\n\t\t\t\t<section class=\"elementor-section elementor-top-section elementor-element elementor-element-31a28e3 elementor-section-boxed elementor-section-height-default elementor-section-height-default\" data-id=\"31a28e3\" data-element_type=\"section\" data-e-type=\"section\">\n\t\t\t\t\t\t<div class=\"elementor-container elementor-column-gap-default\">\n\t\t\t\t\t<div class=\"elementor-column elementor-col-100 elementor-top-column elementor-element elementor-element-5631d6c\" data-id=\"5631d6c\" data-element_type=\"column\" data-e-type=\"column\">\n\t\t\t<div class=\"elementor-widget-wrap elementor-element-populated\">\n\t\t\t\t\t\t<div class=\"elementor-element elementor-element-3832621 elementor-widget elementor-widget-heading\" data-id=\"3832621\" data-element_type=\"widget\" data-e-type=\"widget\" data-widget_type=\"heading.default\">\n\t\t\t\t<div class=\"elementor-widget-container\">\n\t\t\t\t\t<h2 class=\"elementor-heading-title elementor-size-default\">Gizarteak<\/h2>\t\t\t\t<\/div>\n\t\t\t\t<\/div>\n\t\t\t\t\t<\/div>\n\t\t<\/div>\n\t\t\t\t\t<\/div>\n\t\t<\/section>\n\t\t\t\t<section class=\"elementor-section elementor-top-section elementor-element elementor-element-cfd7e04 elementor-section-boxed elementor-section-height-default elementor-section-height-default\" data-id=\"cfd7e04\" data-element_type=\"section\" data-e-type=\"section\">\n\t\t\t\t\t\t<div class=\"elementor-container elementor-column-gap-default\">\n\t\t\t\t\t<div class=\"elementor-column elementor-col-50 elementor-top-column elementor-element elementor-element-524d027\" data-id=\"524d027\" data-element_type=\"column\" data-e-type=\"column\">\n\t\t\t<div class=\"elementor-widget-wrap elementor-element-populated\">\n\t\t\t\t\t\t<div class=\"elementor-element elementor-element-b67f12b elementor-widget elementor-widget-heading\" data-id=\"b67f12b\" data-element_type=\"widget\" data-e-type=\"widget\" data-widget_type=\"heading.default\">\n\t\t\t\t<div class=\"elementor-widget-container\">\n\t\t\t\t\t<h2 class=\"elementor-heading-title elementor-size-default\">Especialistas en servicios de asesor\u00eda para sociedades<\/h2>\t\t\t\t<\/div>\n\t\t\t\t<\/div>\n\t\t\t\t<div class=\"elementor-element elementor-element-8587863 elementor-widget elementor-widget-text-editor\" data-id=\"8587863\" data-element_type=\"widget\" data-e-type=\"widget\" data-widget_type=\"text-editor.default\">\n\t\t\t\t<div class=\"elementor-widget-container\">\n\t\t\t\t\t\t\t\t\t<p>Nuestro equipo de asesores se encargar\u00e1 de la gesti\u00f3n contable, fiscal y laboral, y de las obligaciones peri\u00f3dicas de su empresa.<\/p>\t\t\t\t\t\t\t\t<\/div>\n\t\t\t\t<\/div>\n\t\t\t\t<div class=\"elementor-element elementor-element-c572e40 elementor-widget elementor-widget-text-editor\" data-id=\"c572e40\" data-element_type=\"widget\" data-e-type=\"widget\" data-widget_type=\"text-editor.default\">\n\t\t\t\t<div class=\"elementor-widget-container\">\n\t\t\t\t\t\t\t\t\t<p>El m\u00e9todo de trabajo empleado por nuestros asesores est\u00e1 adaptado a las singularidades de su empresa, por ello le permitir\u00e1 dedicarse el 100% a su negocio.<\/p>\t\t\t\t\t\t\t\t<\/div>\n\t\t\t\t<\/div>\n\t\t\t\t<div class=\"elementor-element elementor-element-e2dc896 elementor-widget elementor-widget-text-editor\" data-id=\"e2dc896\" data-element_type=\"widget\" data-e-type=\"widget\" data-widget_type=\"text-editor.default\">\n\t\t\t\t<div class=\"elementor-widget-container\">\n\t\t\t\t\t\t\t\t\t<p>Ponemos a tu disposici\u00f3n todas las herramientas necesarias para garantizar la correcta puesta en marcha de tu negocio.<\/p>\n<ul>\n<li style=\"list-style-type: none;\">\n<ul>\n<li style=\"list-style-type: none;\">\n<ul>\n<li>Hacemos un compleotestudio previo para determinar qu\u00e9 tipo de sociedad se ajusta mejor a tus propositos<\/li>\n<li>Realizamos todos los tr\u00e1mites necesarios para su constituci\u00f3n en el menor tiempo posible<\/li>\n<\/ul>\n<\/li>\n<\/ul>\n<\/li>\n<\/ul>\n<p>Una vez constituida la sociedad nos encargaremos de gestionar tus obligaciones contables y fiscales:<\/p>\n<ul>\n<li style=\"list-style-type: none;\">\n<ul>\n<li style=\"list-style-type: none;\">\n<ul>\n<li>Cuenta de Perdidas y Ganacias<\/li>\n<li>Balance de Sumas y Saldos<\/li>\n<\/ul>\n<\/li>\n<\/ul>\n<\/li>\n<\/ul>\t\t\t\t\t\t\t\t<\/div>\n\t\t\t\t<\/div>\n\t\t\t\t\t<\/div>\n\t\t<\/div>\n\t\t\t\t<div class=\"elementor-column elementor-col-50 elementor-top-column elementor-element elementor-element-ee61378\" data-id=\"ee61378\" data-element_type=\"column\" data-e-type=\"column\">\n\t\t\t<div class=\"elementor-widget-wrap elementor-element-populated\">\n\t\t\t\t\t\t<div class=\"elementor-element elementor-element-3c656cf elementor-widget elementor-widget-heading\" data-id=\"3c656cf\" data-element_type=\"widget\" data-e-type=\"widget\" data-widget_type=\"heading.default\">\n\t\t\t\t<div class=\"elementor-widget-container\">\n\t\t\t\t\t<h4 class=\"elementor-heading-title elementor-size-default\">ESKATU AURREKONTUA<\/h4>\t\t\t\t<\/div>\n\t\t\t\t<\/div>\n\t\t\t\t<div class=\"elementor-element elementor-element-a32268e elementor-widget elementor-widget-heading\" data-id=\"a32268e\" data-element_type=\"widget\" data-e-type=\"widget\" data-widget_type=\"heading.default\">\n\t\t\t\t<div class=\"elementor-widget-container\">\n\t\t\t\t\t<h2 class=\"elementor-heading-title elementor-size-default\">KONPROMISU BARIK<\/h2>\t\t\t\t<\/div>\n\t\t\t\t<\/div>\n\t\t\t\t<div class=\"elementor-element elementor-element-9c85e00 elementor-align-center elementor-widget elementor-widget-button\" data-id=\"9c85e00\" data-element_type=\"widget\" data-e-type=\"widget\" data-widget_type=\"button.default\">\n\t\t\t\t<div class=\"elementor-widget-container\">\n\t\t\t\t\t\t\t\t\t<div class=\"elementor-button-wrapper\">\n\t\t\t\t\t<a class=\"elementor-button elementor-button-link elementor-size-sm\" href=\"https:\/\/lanpyme.com\/eu\/contacto\/\">\n\t\t\t\t\t\t<span class=\"elementor-button-content-wrapper\">\n\t\t\t\t\t\t\t\t\t<span class=\"elementor-button-text\">ESKATU ORAIN<\/span>\n\t\t\t\t\t<\/span>\n\t\t\t\t\t<\/a>\n\t\t\t\t<\/div>\n\t\t\t\t\t\t\t\t<\/div>\n\t\t\t\t<\/div>\n\t\t\t\t\t<\/div>\n\t\t<\/div>\n\t\t\t\t\t<\/div>\n\t\t<\/section>\n\t\t\t\t<\/div>","protected":false},"excerpt":{"rendered":"<p>Sociedades Especialistas en servicios de asesor\u00eda para sociedades Nuestro equipo de asesores se encargar\u00e1 de la gesti\u00f3n contable, fiscal y laboral, y de las obligaciones peri\u00f3dicas de su empresa. El m\u00e9todo de trabajo empleado por nuestros asesores est\u00e1 adaptado a las singularidades de su empresa, por ello le permitir\u00e1 dedicarse el 100% a su negocio. [&hellip;]<\/p>\n","protected":false},"author":1,"featured_media":50,"parent":0,"menu_order":0,"comment_status":"closed","ping_status":"closed","template":"elementor_canvas","meta":{"footnotes":""},"class_list":["post-25","page","type-page","status-publish","has-post-thumbnail","hentry"],"yoast_head":"<!-- This site is optimized with the Yoast SEO plugin v27.5 - https:\/\/yoast.com\/product\/yoast-seo-wordpress\/ -->\n<title>Sociedades - Asesoria Lanpyme<\/title>\n<meta name=\"robots\" content=\"index, follow, max-snippet:-1, max-image-preview:large, max-video-preview:-1\" \/>\n<link rel=\"canonical\" href=\"https:\/\/lanpyme.com\/eu\/sociedades\/\" \/>\n<meta property=\"og:locale\" content=\"en_US\" \/>\n<meta property=\"og:type\" content=\"article\" \/>\n<meta property=\"og:title\" content=\"Sociedades - Asesoria Lanpyme\" \/>\n<meta property=\"og:description\" content=\"Sociedades Especialistas en servicios de asesor\u00eda para sociedades Nuestro equipo de asesores se encargar\u00e1 de la gesti\u00f3n contable, fiscal y laboral, y de las obligaciones peri\u00f3dicas de su empresa. El m\u00e9todo de trabajo empleado por nuestros asesores est\u00e1 adaptado a las singularidades de su empresa, por ello le permitir\u00e1 dedicarse el 100% a su negocio. [&hellip;]\" \/>\n<meta property=\"og:url\" content=\"https:\/\/lanpyme.com\/eu\/sociedades\/\" \/>\n<meta property=\"og:site_name\" content=\"Asesoria Lanpyme\" \/>\n<meta property=\"article:modified_time\" content=\"2023-08-23T15:37:34+00:00\" \/>\n<meta property=\"og:image\" content=\"https:\/\/lanpyme.com\/wp-content\/uploads\/2023\/08\/Captura-desde-2023-08-22-09-50-05.png\" \/>\n\t<meta property=\"og:image:width\" content=\"396\" \/>\n\t<meta property=\"og:image:height\" content=\"146\" \/>\n\t<meta property=\"og:image:type\" content=\"image\/png\" \/>\n<meta name=\"twitter:card\" content=\"summary_large_image\" \/>\n<meta name=\"twitter:label1\" content=\"Est. reading time\" \/>\n\t<meta name=\"twitter:data1\" content=\"1 minutua\" \/>\n<script type=\"application\/ld+json\" class=\"yoast-schema-graph\">{\"@context\":\"https:\\\/\\\/schema.org\",\"@graph\":[{\"@type\":\"WebPage\",\"@id\":\"https:\\\/\\\/lanpyme.com\\\/sociedades\\\/\",\"url\":\"https:\\\/\\\/lanpyme.com\\\/sociedades\\\/\",\"name\":\"Sociedades - Asesoria Lanpyme\",\"isPartOf\":{\"@id\":\"https:\\\/\\\/lanpyme.com\\\/#website\"},\"primaryImageOfPage\":{\"@id\":\"https:\\\/\\\/lanpyme.com\\\/sociedades\\\/#primaryimage\"},\"image\":{\"@id\":\"https:\\\/\\\/lanpyme.com\\\/sociedades\\\/#primaryimage\"},\"thumbnailUrl\":\"https:\\\/\\\/lanpyme.com\\\/wp-content\\\/uploads\\\/2023\\\/08\\\/Captura-desde-2023-08-22-09-50-05.png\",\"datePublished\":\"2023-08-22T07:39:14+00:00\",\"dateModified\":\"2023-08-23T15:37:34+00:00\",\"breadcrumb\":{\"@id\":\"https:\\\/\\\/lanpyme.com\\\/sociedades\\\/#breadcrumb\"},\"inLanguage\":\"eu\",\"potentialAction\":[{\"@type\":\"ReadAction\",\"target\":[\"https:\\\/\\\/lanpyme.com\\\/sociedades\\\/\"]}]},{\"@type\":\"ImageObject\",\"inLanguage\":\"eu\",\"@id\":\"https:\\\/\\\/lanpyme.com\\\/sociedades\\\/#primaryimage\",\"url\":\"https:\\\/\\\/lanpyme.com\\\/wp-content\\\/uploads\\\/2023\\\/08\\\/Captura-desde-2023-08-22-09-50-05.png\",\"contentUrl\":\"https:\\\/\\\/lanpyme.com\\\/wp-content\\\/uploads\\\/2023\\\/08\\\/Captura-desde-2023-08-22-09-50-05.png\",\"width\":396,\"height\":146},{\"@type\":\"BreadcrumbList\",\"@id\":\"https:\\\/\\\/lanpyme.com\\\/sociedades\\\/#breadcrumb\",\"itemListElement\":[{\"@type\":\"ListItem\",\"position\":1,\"name\":\"Portada\",\"item\":\"https:\\\/\\\/lanpyme.com\\\/\"},{\"@type\":\"ListItem\",\"position\":2,\"name\":\"Sociedades\"}]},{\"@type\":\"WebSite\",\"@id\":\"https:\\\/\\\/lanpyme.com\\\/#website\",\"url\":\"https:\\\/\\\/lanpyme.com\\\/\",\"name\":\"Asesoria Lanpyme\",\"description\":\"\",\"potentialAction\":[{\"@type\":\"SearchAction\",\"target\":{\"@type\":\"EntryPoint\",\"urlTemplate\":\"https:\\\/\\\/lanpyme.com\\\/?s={search_term_string}\"},\"query-input\":{\"@type\":\"PropertyValueSpecification\",\"valueRequired\":true,\"valueName\":\"search_term_string\"}}],\"inLanguage\":\"eu\"}]}<\/script>\n<!-- \/ Yoast SEO plugin. -->","yoast_head_json":{"title":"Sociedades - Asesoria Lanpyme","robots":{"index":"index","follow":"follow","max-snippet":"max-snippet:-1","max-image-preview":"max-image-preview:large","max-video-preview":"max-video-preview:-1"},"canonical":"https:\/\/lanpyme.com\/eu\/sociedades\/","og_locale":"en_US","og_type":"article","og_title":"Sociedades - Asesoria Lanpyme","og_description":"Sociedades Especialistas en servicios de asesor\u00eda para sociedades Nuestro equipo de asesores se encargar\u00e1 de la gesti\u00f3n contable, fiscal y laboral, y de las obligaciones peri\u00f3dicas de su empresa. El m\u00e9todo de trabajo empleado por nuestros asesores est\u00e1 adaptado a las singularidades de su empresa, por ello le permitir\u00e1 dedicarse el 100% a su negocio. [&hellip;]","og_url":"https:\/\/lanpyme.com\/eu\/sociedades\/","og_site_name":"Asesoria Lanpyme","article_modified_time":"2023-08-23T15:37:34+00:00","og_image":[{"width":396,"height":146,"url":"https:\/\/lanpyme.com\/wp-content\/uploads\/2023\/08\/Captura-desde-2023-08-22-09-50-05.png","type":"image\/png"}],"twitter_card":"summary_large_image","twitter_misc":{"Est. reading time":"1 minutua"},"schema":{"@context":"https:\/\/schema.org","@graph":[{"@type":"WebPage","@id":"https:\/\/lanpyme.com\/sociedades\/","url":"https:\/\/lanpyme.com\/sociedades\/","name":"Sociedades - Asesoria Lanpyme","isPartOf":{"@id":"https:\/\/lanpyme.com\/#website"},"primaryImageOfPage":{"@id":"https:\/\/lanpyme.com\/sociedades\/#primaryimage"},"image":{"@id":"https:\/\/lanpyme.com\/sociedades\/#primaryimage"},"thumbnailUrl":"https:\/\/lanpyme.com\/wp-content\/uploads\/2023\/08\/Captura-desde-2023-08-22-09-50-05.png","datePublished":"2023-08-22T07:39:14+00:00","dateModified":"2023-08-23T15:37:34+00:00","breadcrumb":{"@id":"https:\/\/lanpyme.com\/sociedades\/#breadcrumb"},"inLanguage":"eu","potentialAction":[{"@type":"ReadAction","target":["https:\/\/lanpyme.com\/sociedades\/"]}]},{"@type":"ImageObject","inLanguage":"eu","@id":"https:\/\/lanpyme.com\/sociedades\/#primaryimage","url":"https:\/\/lanpyme.com\/wp-content\/uploads\/2023\/08\/Captura-desde-2023-08-22-09-50-05.png","contentUrl":"https:\/\/lanpyme.com\/wp-content\/uploads\/2023\/08\/Captura-desde-2023-08-22-09-50-05.png","width":396,"height":146},{"@type":"BreadcrumbList","@id":"https:\/\/lanpyme.com\/sociedades\/#breadcrumb","itemListElement":[{"@type":"ListItem","position":1,"name":"Portada","item":"https:\/\/lanpyme.com\/"},{"@type":"ListItem","position":2,"name":"Sociedades"}]},{"@type":"WebSite","@id":"https:\/\/lanpyme.com\/#website","url":"https:\/\/lanpyme.com\/","name":"Asesoria Lanpyme","description":"","potentialAction":[{"@type":"SearchAction","target":{"@type":"EntryPoint","urlTemplate":"https:\/\/lanpyme.com\/?s={search_term_string}"},"query-input":{"@type":"PropertyValueSpecification","valueRequired":true,"valueName":"search_term_string"}}],"inLanguage":"eu"}]}},"_links":{"self":[{"href":"https:\/\/lanpyme.com\/eu\/wp-json\/wp\/v2\/pages\/25","targetHints":{"allow":["GET"]}}],"collection":[{"href":"https:\/\/lanpyme.com\/eu\/wp-json\/wp\/v2\/pages"}],"about":[{"href":"https:\/\/lanpyme.com\/eu\/wp-json\/wp\/v2\/types\/page"}],"author":[{"embeddable":true,"href":"https:\/\/lanpyme.com\/eu\/wp-json\/wp\/v2\/users\/1"}],"replies":[{"embeddable":true,"href":"https:\/\/lanpyme.com\/eu\/wp-json\/wp\/v2\/comments?post=25"}],"version-history":[{"count":23,"href":"https:\/\/lanpyme.com\/eu\/wp-json\/wp\/v2\/pages\/25\/revisions"}],"predecessor-version":[{"id":607,"href":"https:\/\/lanpyme.com\/eu\/wp-json\/wp\/v2\/pages\/25\/revisions\/607"}],"wp:featuredmedia":[{"embeddable":true,"href":"https:\/\/lanpyme.com\/eu\/wp-json\/wp\/v2\/media\/50"}],"wp:attachment":[{"href":"https:\/\/lanpyme.com\/eu\/wp-json\/wp\/v2\/media?parent=25"}],"curies":[{"name":"wp","href":"https:\/\/api.w.org\/{rel}","templated":true}]}}