{"id":21,"date":"2023-08-22T07:38:49","date_gmt":"2023-08-22T07:38:49","guid":{"rendered":"https:\/\/web4.rkinformatika.net\/lanpyme\/?page_id=21"},"modified":"2023-08-23T15:39:31","modified_gmt":"2023-08-23T15:39:31","slug":"subvenciones","status":"publish","type":"page","link":"https:\/\/lanpyme.com\/eu\/subvenciones\/","title":{"rendered":"Dirulaguntzak"},"content":{"rendered":"<div data-elementor-type=\"wp-page\" data-elementor-id=\"21\" class=\"elementor elementor-21\" data-elementor-post-type=\"page\">\n\t\t\t\t\t\t<section class=\"elementor-section elementor-top-section elementor-element elementor-element-18657ac elementor-section-boxed elementor-section-height-default elementor-section-height-default\" data-id=\"18657ac\" data-element_type=\"section\" data-e-type=\"section\" data-settings=\"{&quot;background_background&quot;:&quot;classic&quot;}\">\n\t\t\t\t\t\t\t<div class=\"elementor-background-overlay\"><\/div>\n\t\t\t\t\t\t\t<div class=\"elementor-container elementor-column-gap-default\">\n\t\t\t\t\t<div class=\"elementor-column elementor-col-100 elementor-top-column elementor-element elementor-element-2996336\" data-id=\"2996336\" data-element_type=\"column\" data-e-type=\"column\">\n\t\t\t<div class=\"elementor-widget-wrap\">\n\t\t\t\t\t\t\t<\/div>\n\t\t<\/div>\n\t\t\t\t\t<\/div>\n\t\t<\/section>\n\t\t\t\t<section class=\"elementor-section elementor-top-section elementor-element elementor-element-9d71f19 elementor-section-boxed elementor-section-height-default elementor-section-height-default\" data-id=\"9d71f19\" data-element_type=\"section\" data-e-type=\"section\">\n\t\t\t\t\t\t<div class=\"elementor-container elementor-column-gap-default\">\n\t\t\t\t\t<div class=\"elementor-column elementor-col-100 elementor-top-column elementor-element elementor-element-0e3569e\" data-id=\"0e3569e\" data-element_type=\"column\" data-e-type=\"column\">\n\t\t\t<div class=\"elementor-widget-wrap elementor-element-populated\">\n\t\t\t\t\t\t<div class=\"elementor-element elementor-element-82620c7 elementor-widget elementor-widget-heading\" data-id=\"82620c7\" data-element_type=\"widget\" data-e-type=\"widget\" data-widget_type=\"heading.default\">\n\t\t\t\t<div class=\"elementor-widget-container\">\n\t\t\t\t\t<h2 class=\"elementor-heading-title elementor-size-default\">Dirulaguntzak<\/h2>\t\t\t\t<\/div>\n\t\t\t\t<\/div>\n\t\t\t\t\t<\/div>\n\t\t<\/div>\n\t\t\t\t\t<\/div>\n\t\t<\/section>\n\t\t\t\t<section class=\"elementor-section elementor-top-section elementor-element elementor-element-a3e56cf elementor-section-boxed elementor-section-height-default elementor-section-height-default\" data-id=\"a3e56cf\" data-element_type=\"section\" data-e-type=\"section\">\n\t\t\t\t\t\t<div class=\"elementor-container elementor-column-gap-default\">\n\t\t\t\t\t<div class=\"elementor-column elementor-col-50 elementor-top-column elementor-element elementor-element-a95e615\" data-id=\"a95e615\" data-element_type=\"column\" data-e-type=\"column\">\n\t\t\t<div class=\"elementor-widget-wrap elementor-element-populated\">\n\t\t\t\t\t\t<div class=\"elementor-element elementor-element-85add95 elementor-widget elementor-widget-text-editor\" data-id=\"85add95\" data-element_type=\"widget\" data-e-type=\"widget\" data-widget_type=\"text-editor.default\">\n\t\t\t\t<div class=\"elementor-widget-container\">\n\t\t\t\t\t\t\t\t\t<p>Cada d\u00eda hay un mayor n\u00famero de subvenciones procedentes de diferentes organismos, con el objetivo de ayudar a financiar inversiones empresariales, autoempleo, as\u00ed como contrataci\u00f3n de personal. La falta de informaci\u00f3n general sobre este tipo de oportunidades hace que mcuhas de estas ayudas no se soliciten.<\/p>\t\t\t\t\t\t\t\t<\/div>\n\t\t\t\t<\/div>\n\t\t\t\t<div class=\"elementor-element elementor-element-082d56f elementor-widget elementor-widget-text-editor\" data-id=\"082d56f\" data-element_type=\"widget\" data-e-type=\"widget\" data-widget_type=\"text-editor.default\">\n\t\t\t\t<div class=\"elementor-widget-container\">\n\t\t\t\t\t\t\t\t\t<p><strong>Asesor\u00eda Lanpyme\u00a0<\/strong>consciente de esta problem\u00e1tica, ofrece a sus clientes informaci\u00f3n puntual sobre estas ayudas y subvenciones, as\u00ed como su posterior tramitaci\u00f3n.<\/p>\t\t\t\t\t\t\t\t<\/div>\n\t\t\t\t<\/div>\n\t\t\t\t<div class=\"elementor-element elementor-element-3c61039 elementor-widget elementor-widget-heading\" data-id=\"3c61039\" data-element_type=\"widget\" data-e-type=\"widget\" data-widget_type=\"heading.default\">\n\t\t\t\t<div class=\"elementor-widget-container\">\n\t\t\t\t\t<h2 class=\"elementor-heading-title elementor-size-default\">Dirulaguntzak<\/h2>\t\t\t\t<\/div>\n\t\t\t\t<\/div>\n\t\t\t\t\t<\/div>\n\t\t<\/div>\n\t\t\t\t<div class=\"elementor-column elementor-col-50 elementor-top-column elementor-element elementor-element-e9578fe\" data-id=\"e9578fe\" data-element_type=\"column\" data-e-type=\"column\">\n\t\t\t<div class=\"elementor-widget-wrap elementor-element-populated\">\n\t\t\t\t\t\t<div class=\"elementor-element elementor-element-eedf49a elementor-widget elementor-widget-heading\" data-id=\"eedf49a\" data-element_type=\"widget\" data-e-type=\"widget\" data-widget_type=\"heading.default\">\n\t\t\t\t<div class=\"elementor-widget-container\">\n\t\t\t\t\t<h4 class=\"elementor-heading-title elementor-size-default\">ESKATU AURREKONTUA<\/h4>\t\t\t\t<\/div>\n\t\t\t\t<\/div>\n\t\t\t\t<div class=\"elementor-element elementor-element-a574474 elementor-widget elementor-widget-heading\" data-id=\"a574474\" data-element_type=\"widget\" data-e-type=\"widget\" data-widget_type=\"heading.default\">\n\t\t\t\t<div class=\"elementor-widget-container\">\n\t\t\t\t\t<h2 class=\"elementor-heading-title elementor-size-default\">KONPROMISU BARIK<\/h2>\t\t\t\t<\/div>\n\t\t\t\t<\/div>\n\t\t\t\t<div class=\"elementor-element elementor-element-98807ba elementor-align-center elementor-widget elementor-widget-button\" data-id=\"98807ba\" data-element_type=\"widget\" data-e-type=\"widget\" data-widget_type=\"button.default\">\n\t\t\t\t<div class=\"elementor-widget-container\">\n\t\t\t\t\t\t\t\t\t<div class=\"elementor-button-wrapper\">\n\t\t\t\t\t<a class=\"elementor-button elementor-button-link elementor-size-sm\" href=\"https:\/\/lanpyme.com\/eu\/contacto\/\">\n\t\t\t\t\t\t<span class=\"elementor-button-content-wrapper\">\n\t\t\t\t\t\t\t\t\t<span class=\"elementor-button-text\">ESKATU ORAIN<\/span>\n\t\t\t\t\t<\/span>\n\t\t\t\t\t<\/a>\n\t\t\t\t<\/div>\n\t\t\t\t\t\t\t\t<\/div>\n\t\t\t\t<\/div>\n\t\t\t\t\t<\/div>\n\t\t<\/div>\n\t\t\t\t\t<\/div>\n\t\t<\/section>\n\t\t\t\t<section class=\"elementor-section elementor-top-section elementor-element elementor-element-41814b6 elementor-section-boxed elementor-section-height-default elementor-section-height-default\" data-id=\"41814b6\" data-element_type=\"section\" data-e-type=\"section\">\n\t\t\t\t\t\t<div class=\"elementor-container elementor-column-gap-default\">\n\t\t\t\t\t<div class=\"elementor-column elementor-col-50 elementor-top-column elementor-element elementor-element-a8d886e\" data-id=\"a8d886e\" data-element_type=\"column\" data-e-type=\"column\" data-settings=\"{&quot;background_background&quot;:&quot;classic&quot;}\">\n\t\t\t<div class=\"elementor-widget-wrap elementor-element-populated\">\n\t\t\t\t\t\t<div class=\"elementor-element elementor-element-9979a79 elementor-widget elementor-widget-heading\" data-id=\"9979a79\" data-element_type=\"widget\" data-e-type=\"widget\" data-widget_type=\"heading.default\">\n\t\t\t\t<div class=\"elementor-widget-container\">\n\t\t\t\t\t<h2 class=\"elementor-heading-title elementor-size-default\">Nombre<\/h2>\t\t\t\t<\/div>\n\t\t\t\t<\/div>\n\t\t\t\t\t<\/div>\n\t\t<\/div>\n\t\t\t\t<div class=\"elementor-column elementor-col-50 elementor-top-column elementor-element elementor-element-5b28c42\" data-id=\"5b28c42\" data-element_type=\"column\" data-e-type=\"column\" data-settings=\"{&quot;background_background&quot;:&quot;classic&quot;}\">\n\t\t\t<div class=\"elementor-widget-wrap elementor-element-populated\">\n\t\t\t\t\t\t<div class=\"elementor-element elementor-element-f34b9ef elementor-widget elementor-widget-heading\" data-id=\"f34b9ef\" data-element_type=\"widget\" data-e-type=\"widget\" data-widget_type=\"heading.default\">\n\t\t\t\t<div class=\"elementor-widget-container\">\n\t\t\t\t\t<h2 class=\"elementor-heading-title elementor-size-default\">Enlace<\/h2>\t\t\t\t<\/div>\n\t\t\t\t<\/div>\n\t\t\t\t\t<\/div>\n\t\t<\/div>\n\t\t\t\t\t<\/div>\n\t\t<\/section>\n\t\t\t\t<section class=\"elementor-section elementor-top-section elementor-element elementor-element-5ed0971 elementor-section-boxed elementor-section-height-default elementor-section-height-default\" data-id=\"5ed0971\" data-element_type=\"section\" data-e-type=\"section\">\n\t\t\t\t\t\t<div class=\"elementor-container elementor-column-gap-default\">\n\t\t\t\t\t<div class=\"elementor-column elementor-col-50 elementor-top-column elementor-element elementor-element-ad470c6\" data-id=\"ad470c6\" data-element_type=\"column\" data-e-type=\"column\">\n\t\t\t<div class=\"elementor-widget-wrap elementor-element-populated\">\n\t\t\t\t\t\t<div class=\"elementor-element elementor-element-59bbc58 elementor-widget elementor-widget-text-editor\" data-id=\"59bbc58\" data-element_type=\"widget\" data-e-type=\"widget\" data-widget_type=\"text-editor.default\">\n\t\t\t\t<div class=\"elementor-widget-container\">\n\t\t\t\t\t\t\t\t\t<p><strong>PROGRAMA ELKARTEGIAK Y POL\u00cdGONOS INDUSTRIALES 2017: Subvenci\u00f3n Inversiones<\/strong><\/p>\t\t\t\t\t\t\t\t<\/div>\n\t\t\t\t<\/div>\n\t\t\t\t<div class=\"elementor-element elementor-element-a2e2d26 elementor-widget elementor-widget-text-editor\" data-id=\"a2e2d26\" data-element_type=\"widget\" data-e-type=\"widget\" data-widget_type=\"text-editor.default\">\n\t\t\t\t<div class=\"elementor-widget-container\">\n\t\t\t\t\t\t\t\t\t<p><span style=\"font-weight: bolder;\">EN NOMBRE DE LOS AYUNTAMIENTOS DE BUSTURIALDEA EL AYUNTAMIENTO DE BERMEO CONCEDER\u00c1 AYUDAS PARA CONTRATAR A PERSONAS DESEMPLEADAS<\/span><\/p>\t\t\t\t\t\t\t\t<\/div>\n\t\t\t\t<\/div>\n\t\t\t\t\t<\/div>\n\t\t<\/div>\n\t\t\t\t<div class=\"elementor-column elementor-col-50 elementor-top-column elementor-element elementor-element-b29edf1\" data-id=\"b29edf1\" data-element_type=\"column\" data-e-type=\"column\">\n\t\t\t<div class=\"elementor-widget-wrap elementor-element-populated\">\n\t\t\t\t\t\t<div class=\"elementor-element elementor-element-df85b25 elementor-widget elementor-widget-text-editor\" data-id=\"df85b25\" data-element_type=\"widget\" data-e-type=\"widget\" data-widget_type=\"text-editor.default\">\n\t\t\t\t<div class=\"elementor-widget-container\">\n\t\t\t\t\t\t\t\t\t<a href=\"https:\/\/www.azpiegiturak.bizkaia.eus\/index.php?option=com_content&#038;task=view&#038;id=628&#038;Itemid=195\" target=\"_blank\" style= \"color: black;\">https:\/\/www.azpiegiturak.bizkaia.eus\/index.php?option=com_content&#038;task=view&#038;id=628&#038;Itemid=195<\/a>\t\t\t\t\t\t\t\t<\/div>\n\t\t\t\t<\/div>\n\t\t\t\t<div class=\"elementor-element elementor-element-3bd781f elementor-widget elementor-widget-text-editor\" data-id=\"3bd781f\" data-element_type=\"widget\" data-e-type=\"widget\" data-widget_type=\"text-editor.default\">\n\t\t\t\t<div class=\"elementor-widget-container\">\n\t\t\t\t\t\t\t\t\t<p><a style=\"color: black;\" href=\"http:\/\/lanbide-ekimenak.eus\/index.php\/es\/component\/k2\/itemlist\/tag\/empresas\" target=\"_blank\" rel=\"noopener\">http:\/\/lanbide-ekimenak.eus\/index.php\/es\/component\/k2\/itemlist\/tag\/empresas<\/a><\/p>\t\t\t\t\t\t\t\t<\/div>\n\t\t\t\t<\/div>\n\t\t\t\t\t<\/div>\n\t\t<\/div>\n\t\t\t\t\t<\/div>\n\t\t<\/section>\n\t\t\t\t<\/div>","protected":false},"excerpt":{"rendered":"<p>Subvenciones Cada d\u00eda hay un mayor n\u00famero de subvenciones procedentes de diferentes organismos, con el objetivo de ayudar a financiar inversiones empresariales, autoempleo, as\u00ed como contrataci\u00f3n de personal. La falta de informaci\u00f3n general sobre este tipo de oportunidades hace que mcuhas de estas ayudas no se soliciten. Asesor\u00eda Lanpyme\u00a0consciente de esta problem\u00e1tica, ofrece a sus [&hellip;]<\/p>\n","protected":false},"author":1,"featured_media":50,"parent":0,"menu_order":0,"comment_status":"closed","ping_status":"closed","template":"elementor_canvas","meta":{"footnotes":""},"class_list":["post-21","page","type-page","status-publish","has-post-thumbnail","hentry"],"yoast_head":"<!-- This site is optimized with the Yoast SEO plugin v27.3 - https:\/\/yoast.com\/product\/yoast-seo-wordpress\/ -->\n<title>Subvenciones - Asesoria Lanpyme<\/title>\n<meta name=\"robots\" content=\"index, follow, max-snippet:-1, max-image-preview:large, max-video-preview:-1\" \/>\n<link rel=\"canonical\" href=\"https:\/\/lanpyme.com\/eu\/subvenciones\/\" \/>\n<meta property=\"og:locale\" content=\"en_US\" \/>\n<meta property=\"og:type\" content=\"article\" \/>\n<meta property=\"og:title\" content=\"Subvenciones - Asesoria Lanpyme\" \/>\n<meta property=\"og:description\" content=\"Subvenciones Cada d\u00eda hay un mayor n\u00famero de subvenciones procedentes de diferentes organismos, con el objetivo de ayudar a financiar inversiones empresariales, autoempleo, as\u00ed como contrataci\u00f3n de personal. La falta de informaci\u00f3n general sobre este tipo de oportunidades hace que mcuhas de estas ayudas no se soliciten. Asesor\u00eda Lanpyme\u00a0consciente de esta problem\u00e1tica, ofrece a sus [&hellip;]\" \/>\n<meta property=\"og:url\" content=\"https:\/\/lanpyme.com\/eu\/subvenciones\/\" \/>\n<meta property=\"og:site_name\" content=\"Asesoria Lanpyme\" \/>\n<meta property=\"article:modified_time\" content=\"2023-08-23T15:39:31+00:00\" \/>\n<meta property=\"og:image\" content=\"https:\/\/lanpyme.com\/wp-content\/uploads\/2023\/08\/Captura-desde-2023-08-22-09-50-05.png\" \/>\n\t<meta property=\"og:image:width\" content=\"396\" \/>\n\t<meta property=\"og:image:height\" content=\"146\" \/>\n\t<meta property=\"og:image:type\" content=\"image\/png\" \/>\n<meta name=\"twitter:card\" content=\"summary_large_image\" \/>\n<meta name=\"twitter:label1\" content=\"Est. reading time\" \/>\n\t<meta name=\"twitter:data1\" content=\"1 minutua\" \/>\n<script type=\"application\/ld+json\" class=\"yoast-schema-graph\">{\"@context\":\"https:\\\/\\\/schema.org\",\"@graph\":[{\"@type\":\"WebPage\",\"@id\":\"https:\\\/\\\/lanpyme.com\\\/subvenciones\\\/\",\"url\":\"https:\\\/\\\/lanpyme.com\\\/subvenciones\\\/\",\"name\":\"Subvenciones - Asesoria Lanpyme\",\"isPartOf\":{\"@id\":\"https:\\\/\\\/lanpyme.com\\\/#website\"},\"primaryImageOfPage\":{\"@id\":\"https:\\\/\\\/lanpyme.com\\\/subvenciones\\\/#primaryimage\"},\"image\":{\"@id\":\"https:\\\/\\\/lanpyme.com\\\/subvenciones\\\/#primaryimage\"},\"thumbnailUrl\":\"https:\\\/\\\/lanpyme.com\\\/wp-content\\\/uploads\\\/2023\\\/08\\\/Captura-desde-2023-08-22-09-50-05.png\",\"datePublished\":\"2023-08-22T07:38:49+00:00\",\"dateModified\":\"2023-08-23T15:39:31+00:00\",\"breadcrumb\":{\"@id\":\"https:\\\/\\\/lanpyme.com\\\/subvenciones\\\/#breadcrumb\"},\"inLanguage\":\"eu\",\"potentialAction\":[{\"@type\":\"ReadAction\",\"target\":[\"https:\\\/\\\/lanpyme.com\\\/subvenciones\\\/\"]}]},{\"@type\":\"ImageObject\",\"inLanguage\":\"eu\",\"@id\":\"https:\\\/\\\/lanpyme.com\\\/subvenciones\\\/#primaryimage\",\"url\":\"https:\\\/\\\/lanpyme.com\\\/wp-content\\\/uploads\\\/2023\\\/08\\\/Captura-desde-2023-08-22-09-50-05.png\",\"contentUrl\":\"https:\\\/\\\/lanpyme.com\\\/wp-content\\\/uploads\\\/2023\\\/08\\\/Captura-desde-2023-08-22-09-50-05.png\",\"width\":396,\"height\":146},{\"@type\":\"BreadcrumbList\",\"@id\":\"https:\\\/\\\/lanpyme.com\\\/subvenciones\\\/#breadcrumb\",\"itemListElement\":[{\"@type\":\"ListItem\",\"position\":1,\"name\":\"Portada\",\"item\":\"https:\\\/\\\/lanpyme.com\\\/\"},{\"@type\":\"ListItem\",\"position\":2,\"name\":\"Subvenciones\"}]},{\"@type\":\"WebSite\",\"@id\":\"https:\\\/\\\/lanpyme.com\\\/#website\",\"url\":\"https:\\\/\\\/lanpyme.com\\\/\",\"name\":\"Asesoria Lanpyme\",\"description\":\"\",\"potentialAction\":[{\"@type\":\"SearchAction\",\"target\":{\"@type\":\"EntryPoint\",\"urlTemplate\":\"https:\\\/\\\/lanpyme.com\\\/?s={search_term_string}\"},\"query-input\":{\"@type\":\"PropertyValueSpecification\",\"valueRequired\":true,\"valueName\":\"search_term_string\"}}],\"inLanguage\":\"eu\"}]}<\/script>\n<!-- \/ Yoast SEO plugin. -->","yoast_head_json":{"title":"Subvenciones - Asesoria Lanpyme","robots":{"index":"index","follow":"follow","max-snippet":"max-snippet:-1","max-image-preview":"max-image-preview:large","max-video-preview":"max-video-preview:-1"},"canonical":"https:\/\/lanpyme.com\/eu\/subvenciones\/","og_locale":"en_US","og_type":"article","og_title":"Subvenciones - Asesoria Lanpyme","og_description":"Subvenciones Cada d\u00eda hay un mayor n\u00famero de subvenciones procedentes de diferentes organismos, con el objetivo de ayudar a financiar inversiones empresariales, autoempleo, as\u00ed como contrataci\u00f3n de personal. La falta de informaci\u00f3n general sobre este tipo de oportunidades hace que mcuhas de estas ayudas no se soliciten. Asesor\u00eda Lanpyme\u00a0consciente de esta problem\u00e1tica, ofrece a sus [&hellip;]","og_url":"https:\/\/lanpyme.com\/eu\/subvenciones\/","og_site_name":"Asesoria Lanpyme","article_modified_time":"2023-08-23T15:39:31+00:00","og_image":[{"width":396,"height":146,"url":"https:\/\/lanpyme.com\/wp-content\/uploads\/2023\/08\/Captura-desde-2023-08-22-09-50-05.png","type":"image\/png"}],"twitter_card":"summary_large_image","twitter_misc":{"Est. reading time":"1 minutua"},"schema":{"@context":"https:\/\/schema.org","@graph":[{"@type":"WebPage","@id":"https:\/\/lanpyme.com\/subvenciones\/","url":"https:\/\/lanpyme.com\/subvenciones\/","name":"Subvenciones - Asesoria Lanpyme","isPartOf":{"@id":"https:\/\/lanpyme.com\/#website"},"primaryImageOfPage":{"@id":"https:\/\/lanpyme.com\/subvenciones\/#primaryimage"},"image":{"@id":"https:\/\/lanpyme.com\/subvenciones\/#primaryimage"},"thumbnailUrl":"https:\/\/lanpyme.com\/wp-content\/uploads\/2023\/08\/Captura-desde-2023-08-22-09-50-05.png","datePublished":"2023-08-22T07:38:49+00:00","dateModified":"2023-08-23T15:39:31+00:00","breadcrumb":{"@id":"https:\/\/lanpyme.com\/subvenciones\/#breadcrumb"},"inLanguage":"eu","potentialAction":[{"@type":"ReadAction","target":["https:\/\/lanpyme.com\/subvenciones\/"]}]},{"@type":"ImageObject","inLanguage":"eu","@id":"https:\/\/lanpyme.com\/subvenciones\/#primaryimage","url":"https:\/\/lanpyme.com\/wp-content\/uploads\/2023\/08\/Captura-desde-2023-08-22-09-50-05.png","contentUrl":"https:\/\/lanpyme.com\/wp-content\/uploads\/2023\/08\/Captura-desde-2023-08-22-09-50-05.png","width":396,"height":146},{"@type":"BreadcrumbList","@id":"https:\/\/lanpyme.com\/subvenciones\/#breadcrumb","itemListElement":[{"@type":"ListItem","position":1,"name":"Portada","item":"https:\/\/lanpyme.com\/"},{"@type":"ListItem","position":2,"name":"Subvenciones"}]},{"@type":"WebSite","@id":"https:\/\/lanpyme.com\/#website","url":"https:\/\/lanpyme.com\/","name":"Asesoria Lanpyme","description":"","potentialAction":[{"@type":"SearchAction","target":{"@type":"EntryPoint","urlTemplate":"https:\/\/lanpyme.com\/?s={search_term_string}"},"query-input":{"@type":"PropertyValueSpecification","valueRequired":true,"valueName":"search_term_string"}}],"inLanguage":"eu"}]}},"_links":{"self":[{"href":"https:\/\/lanpyme.com\/eu\/wp-json\/wp\/v2\/pages\/21","targetHints":{"allow":["GET"]}}],"collection":[{"href":"https:\/\/lanpyme.com\/eu\/wp-json\/wp\/v2\/pages"}],"about":[{"href":"https:\/\/lanpyme.com\/eu\/wp-json\/wp\/v2\/types\/page"}],"author":[{"embeddable":true,"href":"https:\/\/lanpyme.com\/eu\/wp-json\/wp\/v2\/users\/1"}],"replies":[{"embeddable":true,"href":"https:\/\/lanpyme.com\/eu\/wp-json\/wp\/v2\/comments?post=21"}],"version-history":[{"count":32,"href":"https:\/\/lanpyme.com\/eu\/wp-json\/wp\/v2\/pages\/21\/revisions"}],"predecessor-version":[{"id":613,"href":"https:\/\/lanpyme.com\/eu\/wp-json\/wp\/v2\/pages\/21\/revisions\/613"}],"wp:featuredmedia":[{"embeddable":true,"href":"https:\/\/lanpyme.com\/eu\/wp-json\/wp\/v2\/media\/50"}],"wp:attachment":[{"href":"https:\/\/lanpyme.com\/eu\/wp-json\/wp\/v2\/media?parent=21"}],"curies":[{"name":"wp","href":"https:\/\/api.w.org\/{rel}","templated":true}]}}