{"id":19,"date":"2023-08-22T07:38:45","date_gmt":"2023-08-22T07:38:45","guid":{"rendered":"https:\/\/web4.rkinformatika.net\/lanpyme\/?page_id=19"},"modified":"2023-08-23T15:37:11","modified_gmt":"2023-08-23T15:37:11","slug":"emprendedores","status":"publish","type":"page","link":"https:\/\/lanpyme.com\/eu\/emprendedores\/","title":{"rendered":"Ekintzaileak"},"content":{"rendered":"<div data-elementor-type=\"wp-page\" data-elementor-id=\"19\" class=\"elementor elementor-19\" data-elementor-post-type=\"page\">\n\t\t\t\t\t\t<section class=\"elementor-section elementor-top-section elementor-element elementor-element-006da2d elementor-section-boxed elementor-section-height-default elementor-section-height-default\" data-id=\"006da2d\" data-element_type=\"section\" data-e-type=\"section\" data-settings=\"{&quot;background_background&quot;:&quot;classic&quot;}\">\n\t\t\t\t\t\t\t<div class=\"elementor-background-overlay\"><\/div>\n\t\t\t\t\t\t\t<div class=\"elementor-container elementor-column-gap-default\">\n\t\t\t\t\t<div class=\"elementor-column elementor-col-100 elementor-top-column elementor-element elementor-element-6720b01\" data-id=\"6720b01\" data-element_type=\"column\" data-e-type=\"column\">\n\t\t\t<div class=\"elementor-widget-wrap\">\n\t\t\t\t\t\t\t<\/div>\n\t\t<\/div>\n\t\t\t\t\t<\/div>\n\t\t<\/section>\n\t\t\t\t<section class=\"elementor-section elementor-top-section elementor-element elementor-element-d3cf080 elementor-section-boxed elementor-section-height-default elementor-section-height-default\" data-id=\"d3cf080\" data-element_type=\"section\" data-e-type=\"section\">\n\t\t\t\t\t\t<div class=\"elementor-container elementor-column-gap-default\">\n\t\t\t\t\t<div class=\"elementor-column elementor-col-100 elementor-top-column elementor-element elementor-element-e398634\" data-id=\"e398634\" data-element_type=\"column\" data-e-type=\"column\">\n\t\t\t<div class=\"elementor-widget-wrap elementor-element-populated\">\n\t\t\t\t\t\t<div class=\"elementor-element elementor-element-fc39844 elementor-widget elementor-widget-heading\" data-id=\"fc39844\" data-element_type=\"widget\" data-e-type=\"widget\" data-widget_type=\"heading.default\">\n\t\t\t\t<div class=\"elementor-widget-container\">\n\t\t\t\t\t<h2 class=\"elementor-heading-title elementor-size-default\">Ekintzaileak<\/h2>\t\t\t\t<\/div>\n\t\t\t\t<\/div>\n\t\t\t\t\t<\/div>\n\t\t<\/div>\n\t\t\t\t\t<\/div>\n\t\t<\/section>\n\t\t\t\t<section class=\"elementor-section elementor-top-section elementor-element elementor-element-0a29fc4 elementor-section-boxed elementor-section-height-default elementor-section-height-default\" data-id=\"0a29fc4\" data-element_type=\"section\" data-e-type=\"section\">\n\t\t\t\t\t\t<div class=\"elementor-container elementor-column-gap-default\">\n\t\t\t\t\t<div class=\"elementor-column elementor-col-50 elementor-top-column elementor-element elementor-element-fa53df4\" data-id=\"fa53df4\" data-element_type=\"column\" data-e-type=\"column\">\n\t\t\t<div class=\"elementor-widget-wrap elementor-element-populated\">\n\t\t\t\t\t\t<div class=\"elementor-element elementor-element-0f3e35d elementor-widget elementor-widget-heading\" data-id=\"0f3e35d\" data-element_type=\"widget\" data-e-type=\"widget\" data-widget_type=\"heading.default\">\n\t\t\t\t<div class=\"elementor-widget-container\">\n\t\t\t\t\t<h3 class=\"elementor-heading-title elementor-size-default\">Asesor\u00eda completa para emprendedores<\/h3>\t\t\t\t<\/div>\n\t\t\t\t<\/div>\n\t\t\t\t<div class=\"elementor-element elementor-element-887b033 elementor-widget__width-initial elementor-widget elementor-widget-text-editor\" data-id=\"887b033\" data-element_type=\"widget\" data-e-type=\"widget\" data-widget_type=\"text-editor.default\">\n\t\t\t\t<div class=\"elementor-widget-container\">\n\t\t\t\t\t\t\t\t\t<p>En nuestra asesor\u00eda encontrar\u00e1 el respaldo y consejo de profesionales con la ilusi\u00f3n de participar y promocionar de forma activa nuevos proyectos empresariales.<\/p>\n<p><strong>Asesor\u00eda Lanpyme<\/strong> pone a disposici\u00f3n del emprendedor un servicio de asesor\u00eda integral espec\u00edfico para este colectivo, mediante el que dar respuesta a las principales dudas y dificultades con las que se encuentren.<\/p>\t\t\t\t\t\t\t\t<\/div>\n\t\t\t\t<\/div>\n\t\t\t\t<div class=\"elementor-element elementor-element-5375654 elementor-widget__width-initial elementor-widget elementor-widget-text-editor\" data-id=\"5375654\" data-element_type=\"widget\" data-e-type=\"widget\" data-widget_type=\"text-editor.default\">\n\t\t\t\t<div class=\"elementor-widget-container\">\n\t\t\t\t\t\t\t\t\t<p><strong>\u00bfEn qu\u00e9 consiste la asesor\u00eda para emprendedores?<\/strong><\/p>\n<ol>\n<li>An\u00e1lisis de la idea o plan de empresa por un consultor de negocio.<\/li>\n<li>Asesor\u00eda mercantil: estudio y selecci\u00f3n del tipo de sociedad id\u00f3neo para su idea.<\/li>\n<li>B\u00fasqueda de posibles subvenciones.<\/li>\n<li>Constituci\u00f3n de la sociedad: S.L., Cooperativa, C.B. etc.<\/li>\n<li>Alta en Hacienda y Seguridad Social<\/li>\n<li>Comunicaci\u00f3n de apaertura del centro de trabajo<\/li>\n<li>Adaptaci\u00f3n a las normativas de prevenci\u00f3n de riesgos, protecci\u00f3n de datos&#8230;<\/li>\n<li>Contrataci\u00f3n del seguro de Responsabilidad Civil profesional adecuado para la actividad<\/li>\n<li><strong>Asesor\u00eda mensual integral:\u00a0<\/strong>fiscal, laboral y contable.<\/li>\n<\/ol>\t\t\t\t\t\t\t\t<\/div>\n\t\t\t\t<\/div>\n\t\t\t\t<div class=\"elementor-element elementor-element-7071ee8 elementor-widget__width-initial elementor-widget elementor-widget-text-editor\" data-id=\"7071ee8\" data-element_type=\"widget\" data-e-type=\"widget\" data-widget_type=\"text-editor.default\">\n\t\t\t\t<div class=\"elementor-widget-container\">\n\t\t\t\t\t\t\t\t\t<p><strong>\u00bfQu\u00e9 nos hace diferentes?<\/strong><\/p>\n<p>Asesor\u00eda Lanpyme no se limita a una asesor\u00eda mercantil b\u00e1sica. Nuestro deseo es dar viabilidad a nuevos proyectos empresariales, pero siempre aportando un punto de vista objetivo que permite al emprendedor conocer la sostenibilidad real del proyecto.<\/p>\t\t\t\t\t\t\t\t<\/div>\n\t\t\t\t<\/div>\n\t\t\t\t<div class=\"elementor-element elementor-element-78cda69 elementor-widget__width-initial elementor-widget elementor-widget-text-editor\" data-id=\"78cda69\" data-element_type=\"widget\" data-e-type=\"widget\" data-widget_type=\"text-editor.default\">\n\t\t\t\t<div class=\"elementor-widget-container\">\n\t\t\t\t\t\t\t\t\t<p><strong>\u00bfPor qu\u00e9?<\/strong><\/p>\n<p>La falta de una correcta asesor\u00eda y planificaci\u00f3n inicial supone, en muchas ocaciones, que buenas ideas de negocio no se lleven a cabo por una sensaci\u00f3n de desconocimiento de las obligaciones legales, repercusiones mercantiles o posibles subvenciones. En Lanpyme queremos apostar por invertir experiencia y tiempo con el emprendedor como sistema de crecimiento conjunto, dado que promocionar empresas j\u00f3venes, nos posibilita para la especializaci\u00f3n y el aprendizaje constante de las necesidaddes y preocupaciones del aut\u00f3nomo y la peque\u00f1a empresa.<\/p>\t\t\t\t\t\t\t\t<\/div>\n\t\t\t\t<\/div>\n\t\t\t\t\t<\/div>\n\t\t<\/div>\n\t\t\t\t<div class=\"elementor-column elementor-col-50 elementor-top-column elementor-element elementor-element-d1f03eb\" data-id=\"d1f03eb\" data-element_type=\"column\" data-e-type=\"column\">\n\t\t\t<div class=\"elementor-widget-wrap elementor-element-populated\">\n\t\t\t\t\t\t<div class=\"elementor-element elementor-element-5719309 elementor-widget elementor-widget-heading\" data-id=\"5719309\" data-element_type=\"widget\" data-e-type=\"widget\" data-widget_type=\"heading.default\">\n\t\t\t\t<div class=\"elementor-widget-container\">\n\t\t\t\t\t<h4 class=\"elementor-heading-title elementor-size-default\">ESKATU AURREKONTUA<\/h4>\t\t\t\t<\/div>\n\t\t\t\t<\/div>\n\t\t\t\t<div class=\"elementor-element elementor-element-43dcb18 elementor-widget elementor-widget-heading\" data-id=\"43dcb18\" data-element_type=\"widget\" data-e-type=\"widget\" data-widget_type=\"heading.default\">\n\t\t\t\t<div class=\"elementor-widget-container\">\n\t\t\t\t\t<h2 class=\"elementor-heading-title elementor-size-default\">KONPROMISU BARIK<\/h2>\t\t\t\t<\/div>\n\t\t\t\t<\/div>\n\t\t\t\t<div class=\"elementor-element elementor-element-1393aa0 elementor-align-center elementor-widget elementor-widget-button\" data-id=\"1393aa0\" data-element_type=\"widget\" data-e-type=\"widget\" data-widget_type=\"button.default\">\n\t\t\t\t<div class=\"elementor-widget-container\">\n\t\t\t\t\t\t\t\t\t<div class=\"elementor-button-wrapper\">\n\t\t\t\t\t<a class=\"elementor-button elementor-button-link elementor-size-sm\" href=\"https:\/\/lanpyme.com\/eu\/contacto\/\">\n\t\t\t\t\t\t<span class=\"elementor-button-content-wrapper\">\n\t\t\t\t\t\t\t\t\t<span class=\"elementor-button-text\">ESKATU ORAIN<\/span>\n\t\t\t\t\t<\/span>\n\t\t\t\t\t<\/a>\n\t\t\t\t<\/div>\n\t\t\t\t\t\t\t\t<\/div>\n\t\t\t\t<\/div>\n\t\t\t\t\t<\/div>\n\t\t<\/div>\n\t\t\t\t\t<\/div>\n\t\t<\/section>\n\t\t\t\t<\/div>","protected":false},"excerpt":{"rendered":"<p>Emprendedores Asesor\u00eda completa para emprendedores En nuestra asesor\u00eda encontrar\u00e1 el respaldo y consejo de profesionales con la ilusi\u00f3n de participar y promocionar de forma activa nuevos proyectos empresariales. Asesor\u00eda Lanpyme pone a disposici\u00f3n del emprendedor un servicio de asesor\u00eda integral espec\u00edfico para este colectivo, mediante el que dar respuesta a las principales dudas y dificultades [&hellip;]<\/p>\n","protected":false},"author":1,"featured_media":50,"parent":0,"menu_order":0,"comment_status":"closed","ping_status":"closed","template":"elementor_canvas","meta":{"footnotes":""},"class_list":["post-19","page","type-page","status-publish","has-post-thumbnail","hentry"],"yoast_head":"<!-- This site is optimized with the Yoast SEO plugin v27.5 - https:\/\/yoast.com\/product\/yoast-seo-wordpress\/ -->\n<title>Emprendedores - Asesoria Lanpyme<\/title>\n<meta name=\"robots\" content=\"index, follow, max-snippet:-1, max-image-preview:large, max-video-preview:-1\" \/>\n<link rel=\"canonical\" href=\"https:\/\/lanpyme.com\/eu\/emprendedores\/\" \/>\n<meta property=\"og:locale\" content=\"en_US\" \/>\n<meta property=\"og:type\" content=\"article\" \/>\n<meta property=\"og:title\" content=\"Emprendedores - Asesoria Lanpyme\" \/>\n<meta property=\"og:description\" content=\"Emprendedores Asesor\u00eda completa para emprendedores En nuestra asesor\u00eda encontrar\u00e1 el respaldo y consejo de profesionales con la ilusi\u00f3n de participar y promocionar de forma activa nuevos proyectos empresariales. Asesor\u00eda Lanpyme pone a disposici\u00f3n del emprendedor un servicio de asesor\u00eda integral espec\u00edfico para este colectivo, mediante el que dar respuesta a las principales dudas y dificultades [&hellip;]\" \/>\n<meta property=\"og:url\" content=\"https:\/\/lanpyme.com\/eu\/emprendedores\/\" \/>\n<meta property=\"og:site_name\" content=\"Asesoria Lanpyme\" \/>\n<meta property=\"article:modified_time\" content=\"2023-08-23T15:37:11+00:00\" \/>\n<meta property=\"og:image\" content=\"https:\/\/lanpyme.com\/wp-content\/uploads\/2023\/08\/Captura-desde-2023-08-22-09-50-05.png\" \/>\n\t<meta property=\"og:image:width\" content=\"396\" \/>\n\t<meta property=\"og:image:height\" content=\"146\" \/>\n\t<meta property=\"og:image:type\" content=\"image\/png\" \/>\n<meta name=\"twitter:card\" content=\"summary_large_image\" \/>\n<meta name=\"twitter:label1\" content=\"Est. reading time\" \/>\n\t<meta name=\"twitter:data1\" content=\"2 minutua\" \/>\n<script type=\"application\/ld+json\" class=\"yoast-schema-graph\">{\"@context\":\"https:\\\/\\\/schema.org\",\"@graph\":[{\"@type\":\"WebPage\",\"@id\":\"https:\\\/\\\/lanpyme.com\\\/emprendedores\\\/\",\"url\":\"https:\\\/\\\/lanpyme.com\\\/emprendedores\\\/\",\"name\":\"Emprendedores - Asesoria Lanpyme\",\"isPartOf\":{\"@id\":\"https:\\\/\\\/lanpyme.com\\\/#website\"},\"primaryImageOfPage\":{\"@id\":\"https:\\\/\\\/lanpyme.com\\\/emprendedores\\\/#primaryimage\"},\"image\":{\"@id\":\"https:\\\/\\\/lanpyme.com\\\/emprendedores\\\/#primaryimage\"},\"thumbnailUrl\":\"https:\\\/\\\/lanpyme.com\\\/wp-content\\\/uploads\\\/2023\\\/08\\\/Captura-desde-2023-08-22-09-50-05.png\",\"datePublished\":\"2023-08-22T07:38:45+00:00\",\"dateModified\":\"2023-08-23T15:37:11+00:00\",\"breadcrumb\":{\"@id\":\"https:\\\/\\\/lanpyme.com\\\/emprendedores\\\/#breadcrumb\"},\"inLanguage\":\"eu\",\"potentialAction\":[{\"@type\":\"ReadAction\",\"target\":[\"https:\\\/\\\/lanpyme.com\\\/emprendedores\\\/\"]}]},{\"@type\":\"ImageObject\",\"inLanguage\":\"eu\",\"@id\":\"https:\\\/\\\/lanpyme.com\\\/emprendedores\\\/#primaryimage\",\"url\":\"https:\\\/\\\/lanpyme.com\\\/wp-content\\\/uploads\\\/2023\\\/08\\\/Captura-desde-2023-08-22-09-50-05.png\",\"contentUrl\":\"https:\\\/\\\/lanpyme.com\\\/wp-content\\\/uploads\\\/2023\\\/08\\\/Captura-desde-2023-08-22-09-50-05.png\",\"width\":396,\"height\":146},{\"@type\":\"BreadcrumbList\",\"@id\":\"https:\\\/\\\/lanpyme.com\\\/emprendedores\\\/#breadcrumb\",\"itemListElement\":[{\"@type\":\"ListItem\",\"position\":1,\"name\":\"Portada\",\"item\":\"https:\\\/\\\/lanpyme.com\\\/\"},{\"@type\":\"ListItem\",\"position\":2,\"name\":\"Emprendedores\"}]},{\"@type\":\"WebSite\",\"@id\":\"https:\\\/\\\/lanpyme.com\\\/#website\",\"url\":\"https:\\\/\\\/lanpyme.com\\\/\",\"name\":\"Asesoria Lanpyme\",\"description\":\"\",\"potentialAction\":[{\"@type\":\"SearchAction\",\"target\":{\"@type\":\"EntryPoint\",\"urlTemplate\":\"https:\\\/\\\/lanpyme.com\\\/?s={search_term_string}\"},\"query-input\":{\"@type\":\"PropertyValueSpecification\",\"valueRequired\":true,\"valueName\":\"search_term_string\"}}],\"inLanguage\":\"eu\"}]}<\/script>\n<!-- \/ Yoast SEO plugin. -->","yoast_head_json":{"title":"Emprendedores - Asesoria Lanpyme","robots":{"index":"index","follow":"follow","max-snippet":"max-snippet:-1","max-image-preview":"max-image-preview:large","max-video-preview":"max-video-preview:-1"},"canonical":"https:\/\/lanpyme.com\/eu\/emprendedores\/","og_locale":"en_US","og_type":"article","og_title":"Emprendedores - Asesoria Lanpyme","og_description":"Emprendedores Asesor\u00eda completa para emprendedores En nuestra asesor\u00eda encontrar\u00e1 el respaldo y consejo de profesionales con la ilusi\u00f3n de participar y promocionar de forma activa nuevos proyectos empresariales. Asesor\u00eda Lanpyme pone a disposici\u00f3n del emprendedor un servicio de asesor\u00eda integral espec\u00edfico para este colectivo, mediante el que dar respuesta a las principales dudas y dificultades [&hellip;]","og_url":"https:\/\/lanpyme.com\/eu\/emprendedores\/","og_site_name":"Asesoria Lanpyme","article_modified_time":"2023-08-23T15:37:11+00:00","og_image":[{"width":396,"height":146,"url":"https:\/\/lanpyme.com\/wp-content\/uploads\/2023\/08\/Captura-desde-2023-08-22-09-50-05.png","type":"image\/png"}],"twitter_card":"summary_large_image","twitter_misc":{"Est. reading time":"2 minutua"},"schema":{"@context":"https:\/\/schema.org","@graph":[{"@type":"WebPage","@id":"https:\/\/lanpyme.com\/emprendedores\/","url":"https:\/\/lanpyme.com\/emprendedores\/","name":"Emprendedores - Asesoria Lanpyme","isPartOf":{"@id":"https:\/\/lanpyme.com\/#website"},"primaryImageOfPage":{"@id":"https:\/\/lanpyme.com\/emprendedores\/#primaryimage"},"image":{"@id":"https:\/\/lanpyme.com\/emprendedores\/#primaryimage"},"thumbnailUrl":"https:\/\/lanpyme.com\/wp-content\/uploads\/2023\/08\/Captura-desde-2023-08-22-09-50-05.png","datePublished":"2023-08-22T07:38:45+00:00","dateModified":"2023-08-23T15:37:11+00:00","breadcrumb":{"@id":"https:\/\/lanpyme.com\/emprendedores\/#breadcrumb"},"inLanguage":"eu","potentialAction":[{"@type":"ReadAction","target":["https:\/\/lanpyme.com\/emprendedores\/"]}]},{"@type":"ImageObject","inLanguage":"eu","@id":"https:\/\/lanpyme.com\/emprendedores\/#primaryimage","url":"https:\/\/lanpyme.com\/wp-content\/uploads\/2023\/08\/Captura-desde-2023-08-22-09-50-05.png","contentUrl":"https:\/\/lanpyme.com\/wp-content\/uploads\/2023\/08\/Captura-desde-2023-08-22-09-50-05.png","width":396,"height":146},{"@type":"BreadcrumbList","@id":"https:\/\/lanpyme.com\/emprendedores\/#breadcrumb","itemListElement":[{"@type":"ListItem","position":1,"name":"Portada","item":"https:\/\/lanpyme.com\/"},{"@type":"ListItem","position":2,"name":"Emprendedores"}]},{"@type":"WebSite","@id":"https:\/\/lanpyme.com\/#website","url":"https:\/\/lanpyme.com\/","name":"Asesoria Lanpyme","description":"","potentialAction":[{"@type":"SearchAction","target":{"@type":"EntryPoint","urlTemplate":"https:\/\/lanpyme.com\/?s={search_term_string}"},"query-input":{"@type":"PropertyValueSpecification","valueRequired":true,"valueName":"search_term_string"}}],"inLanguage":"eu"}]}},"_links":{"self":[{"href":"https:\/\/lanpyme.com\/eu\/wp-json\/wp\/v2\/pages\/19","targetHints":{"allow":["GET"]}}],"collection":[{"href":"https:\/\/lanpyme.com\/eu\/wp-json\/wp\/v2\/pages"}],"about":[{"href":"https:\/\/lanpyme.com\/eu\/wp-json\/wp\/v2\/types\/page"}],"author":[{"embeddable":true,"href":"https:\/\/lanpyme.com\/eu\/wp-json\/wp\/v2\/users\/1"}],"replies":[{"embeddable":true,"href":"https:\/\/lanpyme.com\/eu\/wp-json\/wp\/v2\/comments?post=19"}],"version-history":[{"count":62,"href":"https:\/\/lanpyme.com\/eu\/wp-json\/wp\/v2\/pages\/19\/revisions"}],"predecessor-version":[{"id":601,"href":"https:\/\/lanpyme.com\/eu\/wp-json\/wp\/v2\/pages\/19\/revisions\/601"}],"wp:featuredmedia":[{"embeddable":true,"href":"https:\/\/lanpyme.com\/eu\/wp-json\/wp\/v2\/media\/50"}],"wp:attachment":[{"href":"https:\/\/lanpyme.com\/eu\/wp-json\/wp\/v2\/media?parent=19"}],"curies":[{"name":"wp","href":"https:\/\/api.w.org\/{rel}","templated":true}]}}